{"id":1559,"date":"2021-12-14T11:44:45","date_gmt":"2021-12-14T10:44:45","guid":{"rendered":"https:\/\/matrusaden.ch\/?page_id=1559"},"modified":"2025-03-18T10:45:08","modified_gmt":"2025-03-18T09:45:08","slug":"publikationen","status":"publish","type":"page","link":"https:\/\/matrusaden.ch\/?page_id=1559","title":{"rendered":"PUBLIKATIONEN"},"content":{"rendered":"<p><div class=\"fusion-fullwidth fullwidth-box fusion-builder-row-1 fusion-flex-container nonhundred-percent-fullwidth non-hundred-percent-height-scrolling\" style=\"--awb-border-radius-top-left:0px;--awb-border-radius-top-right:0px;--awb-border-radius-bottom-right:0px;--awb-border-radius-bottom-left:0px;--awb-flex-wrap:wrap;\" ><div class=\"fusion-builder-row fusion-row fusion-flex-align-items-flex-start fusion-flex-content-wrap\" style=\"max-width:1331.2px;margin-left: calc(-4% \/ 2 );margin-right: calc(-4% \/ 2 );\"><div class=\"fusion-layout-column fusion_builder_column fusion-builder-column-0 fusion_builder_column_1_1 1_1 fusion-flex-column\" style=\"--awb-bg-size:cover;--awb-width-large:100%;--awb-margin-top-large:0px;--awb-spacing-right-large:1.92%;--awb-margin-bottom-large:0px;--awb-spacing-left-large:1.92%;--awb-width-medium:100%;--awb-order-medium:0;--awb-spacing-right-medium:1.92%;--awb-spacing-left-medium:1.92%;--awb-width-small:100%;--awb-order-small:0;--awb-spacing-right-small:1.92%;--awb-spacing-left-small:1.92%;\"><div class=\"fusion-column-wrapper fusion-column-has-shadow fusion-flex-justify-content-flex-start fusion-content-layout-column\"><div class=\"fusion-title title fusion-title-1 fusion-title-text fusion-title-size-one\"><div class=\"title-sep-container title-sep-container-left fusion-no-large-visibility fusion-no-medium-visibility fusion-no-small-visibility\"><div class=\"title-sep sep- sep-solid\" style=\"border-color:#e0dede;\"><\/div><\/div><span class=\"awb-title-spacer fusion-no-large-visibility fusion-no-medium-visibility fusion-no-small-visibility\"><\/span><h1 class=\"fusion-title-heading title-heading-left fusion-responsive-typography-calculated\" style=\"margin:0;--fontSize:56;line-height:1.79;\">Publikationen<\/h1><span class=\"awb-title-spacer\"><\/span><div class=\"title-sep-container title-sep-container-right\"><div class=\"title-sep sep- sep-solid\" style=\"border-color:#e0dede;\"><\/div><\/div><\/div><div class=\"fusion-text fusion-text-1\" style=\"--awb-text-transform:none;\"><p>Auf dieser Seite finden Sie einen \u00dcberblick zu Ver\u00f6ffentlichungen von Sheela. Alle B\u00fccher sind \u00fcber die im Impressum vermerkte Adresse bestellbar.<\/p>\n<\/div><\/div><\/div><div class=\"fusion-layout-column fusion_builder_column fusion-builder-column-1 fusion_builder_column_1_4 1_4 fusion-flex-column\" style=\"--awb-bg-size:cover;--awb-width-large:25%;--awb-margin-top-large:0px;--awb-spacing-right-large:7.68%;--awb-margin-bottom-large:0px;--awb-spacing-left-large:7.68%;--awb-width-medium:100%;--awb-order-medium:0;--awb-spacing-right-medium:1.92%;--awb-spacing-left-medium:1.92%;--awb-width-small:100%;--awb-order-small:0;--awb-spacing-right-small:1.92%;--awb-spacing-left-small:1.92%;\"><div class=\"fusion-column-wrapper fusion-column-has-shadow fusion-flex-justify-content-flex-start fusion-content-layout-column\"><div class=\"fusion-text fusion-text-2\" style=\"--awb-text-transform:none;\"><p>Love Inspires \/ Verlag zur F\u00fchrung und Unterst\u00fctzung von Wohngemeinschaften f\u00fcr jung + alt; 2010.<\/p>\n<\/div><\/div><\/div><\/div><\/div><div class=\"fusion-fullwidth fullwidth-box fusion-builder-row-2 fusion-flex-container nonhundred-percent-fullwidth non-hundred-percent-height-scrolling\" style=\"--awb-border-radius-top-left:0px;--awb-border-radius-top-right:0px;--awb-border-radius-bottom-right:0px;--awb-border-radius-bottom-left:0px;--awb-padding-top:80px;--awb-flex-wrap:wrap;\" ><div class=\"fusion-builder-row fusion-row fusion-flex-align-items-flex-start fusion-flex-content-wrap\" style=\"max-width:1331.2px;margin-left: calc(-4% \/ 2 );margin-right: calc(-4% \/ 2 );\"><div class=\"fusion-layout-column fusion_builder_column fusion-builder-column-2 fusion_builder_column_1_1 1_1 fusion-flex-column\" style=\"--awb-bg-size:cover;--awb-width-large:100%;--awb-margin-top-large:0px;--awb-spacing-right-large:1.92%;--awb-margin-bottom-large:0px;--awb-spacing-left-large:1.92%;--awb-width-medium:100%;--awb-order-medium:0;--awb-spacing-right-medium:1.92%;--awb-spacing-left-medium:1.92%;--awb-width-small:100%;--awb-order-small:0;--awb-spacing-right-small:1.92%;--awb-spacing-left-small:1.92%;\"><div class=\"fusion-column-wrapper fusion-column-has-shadow fusion-flex-justify-content-flex-start fusion-content-layout-column\"><div class=\"fusion-title title fusion-title-2 fusion-title-text fusion-title-size-one\"><div class=\"title-sep-container title-sep-container-left fusion-no-large-visibility fusion-no-medium-visibility fusion-no-small-visibility\"><div class=\"title-sep sep- sep-solid\" style=\"border-color:#e0dede;\"><\/div><\/div><span class=\"awb-title-spacer fusion-no-large-visibility fusion-no-medium-visibility fusion-no-small-visibility\"><\/span><h1 class=\"fusion-title-heading title-heading-left fusion-responsive-typography-calculated\" style=\"margin:0;--fontSize:56;line-height:1.79;\">Publications<\/h1><span class=\"awb-title-spacer\"><\/span><div class=\"title-sep-container title-sep-container-right\"><div class=\"title-sep sep- sep-solid\" style=\"border-color:#e0dede;\"><\/div><\/div><\/div><div class=\"fusion-text fusion-text-3\" style=\"--awb-text-transform:none;\"><p>On this page you can find all books written by Sheela. All of them can be ordered directly through our office. Please, find the contact information in the imprint.<\/p>\n<\/div><\/div><\/div><div class=\"fusion-layout-column fusion_builder_column fusion-builder-column-3 fusion_builder_column_1_4 1_4 fusion-flex-column\" style=\"--awb-bg-size:cover;--awb-width-large:25%;--awb-margin-top-large:0px;--awb-spacing-right-large:7.68%;--awb-margin-bottom-large:0px;--awb-spacing-left-large:7.68%;--awb-width-medium:100%;--awb-order-medium:0;--awb-spacing-right-medium:1.92%;--awb-spacing-left-medium:1.92%;--awb-width-small:100%;--awb-order-small:0;--awb-spacing-right-small:1.92%;--awb-spacing-left-small:1.92%;\"><div class=\"fusion-column-wrapper fusion-column-has-shadow fusion-flex-justify-content-flex-start fusion-content-layout-column\"><div class=\"fusion-text fusion-text-4\" style=\"--awb-text-transform:none;\"><p>Love Inspires \/ Verlag zur F\u00fchrung und Unterst\u00fctzung von Wohngemeinschaften f\u00fcr jung + alt; 2010.<\/p>\n<\/div><\/div><\/div><\/div><\/div><div class=\"fusion-fullwidth fullwidth-box fusion-builder-row-3 fusion-flex-container nonhundred-percent-fullwidth non-hundred-percent-height-scrolling\" style=\"--awb-border-radius-top-left:0px;--awb-border-radius-top-right:0px;--awb-border-radius-bottom-right:0px;--awb-border-radius-bottom-left:0px;--awb-padding-top:80px;--awb-flex-wrap:wrap;\" ><div class=\"fusion-builder-row fusion-row fusion-flex-align-items-flex-start fusion-flex-content-wrap\" style=\"max-width:1331.2px;margin-left: calc(-4% \/ 2 );margin-right: calc(-4% \/ 2 );\"><div class=\"fusion-layout-column fusion_builder_column fusion-builder-column-4 fusion_builder_column_1_1 1_1 fusion-flex-column\" style=\"--awb-bg-size:cover;--awb-width-large:100%;--awb-margin-top-large:0px;--awb-spacing-right-large:1.92%;--awb-margin-bottom-large:0px;--awb-spacing-left-large:1.92%;--awb-width-medium:100%;--awb-order-medium:0;--awb-spacing-right-medium:1.92%;--awb-spacing-left-medium:1.92%;--awb-width-small:100%;--awb-order-small:0;--awb-spacing-right-small:1.92%;--awb-spacing-left-small:1.92%;\"><div class=\"fusion-column-wrapper fusion-column-has-shadow fusion-flex-justify-content-flex-start fusion-content-layout-column\"><div class=\"fusion-image-element \" style=\"--awb-caption-title-font-family:var(--h2_typography-font-family);--awb-caption-title-font-weight:var(--h2_typography-font-weight);--awb-caption-title-font-style:var(--h2_typography-font-style);--awb-caption-title-size:var(--h2_typography-font-size);--awb-caption-title-transform:var(--h2_typography-text-transform);--awb-caption-title-line-height:var(--h2_typography-line-height);--awb-caption-title-letter-spacing:var(--h2_typography-letter-spacing);\"><span class=\" fusion-imageframe imageframe-none imageframe-1 hover-type-none\"><img decoding=\"async\" width=\"1200\" height=\"693\" title=\"aaron-burden-QJDzYT_K8Xg-unsplash\" src=\"https:\/\/matrusaden.ch\/wp-content\/uploads\/2021\/12\/aaron-burden-QJDzYT_K8Xg-unsplash-scaled-e1639490788874.jpg\" data-orig-src=\"https:\/\/matrusaden.ch\/wp-content\/uploads\/2021\/12\/aaron-burden-QJDzYT_K8Xg-unsplash-scaled-e1639490788874-1200x693.jpg\" alt class=\"lazyload img-responsive wp-image-1582\" srcset=\"data:image\/svg+xml,%3Csvg%20xmlns%3D%27http%3A%2F%2Fwww.w3.org%2F2000%2Fsvg%27%20width%3D%272560%27%20height%3D%271478%27%20viewBox%3D%270%200%202560%201478%27%3E%3Crect%20width%3D%272560%27%20height%3D%271478%27%20fill-opacity%3D%220%22%2F%3E%3C%2Fsvg%3E\" data-srcset=\"https:\/\/matrusaden.ch\/wp-content\/uploads\/2021\/12\/aaron-burden-QJDzYT_K8Xg-unsplash-scaled-e1639490788874-200x115.jpg 200w, https:\/\/matrusaden.ch\/wp-content\/uploads\/2021\/12\/aaron-burden-QJDzYT_K8Xg-unsplash-scaled-e1639490788874-400x231.jpg 400w, https:\/\/matrusaden.ch\/wp-content\/uploads\/2021\/12\/aaron-burden-QJDzYT_K8Xg-unsplash-scaled-e1639490788874-600x346.jpg 600w, https:\/\/matrusaden.ch\/wp-content\/uploads\/2021\/12\/aaron-burden-QJDzYT_K8Xg-unsplash-scaled-e1639490788874-800x462.jpg 800w, https:\/\/matrusaden.ch\/wp-content\/uploads\/2021\/12\/aaron-burden-QJDzYT_K8Xg-unsplash-scaled-e1639490788874-1200x693.jpg 1200w\" data-sizes=\"auto\" data-orig-sizes=\"(max-width: 1024px) 100vw, (max-width: 640px) 100vw, 1200px\" \/><\/span><\/div><\/div><\/div><\/div><\/div><\/p>\n","protected":false},"excerpt":{"rendered":"","protected":false},"author":5,"featured_media":0,"parent":0,"menu_order":0,"comment_status":"closed","ping_status":"closed","template":"","meta":{"footnotes":""},"class_list":["post-1559","page","type-page","status-publish","hentry"],"yoast_head":"<!-- This site is optimized with the Yoast SEO plugin v27.4 - https:\/\/yoast.com\/product\/yoast-seo-wordpress\/ -->\n<title>PUBLIKATIONEN - Wohngemeinschaft f\u00fcr jung und alt<\/title>\n<meta name=\"robots\" content=\"index, follow, max-snippet:-1, max-image-preview:large, max-video-preview:-1\" \/>\n<link rel=\"canonical\" href=\"https:\/\/matrusaden.ch\/?page_id=1559\" \/>\n<meta property=\"og:locale\" content=\"de_DE\" \/>\n<meta property=\"og:type\" content=\"article\" \/>\n<meta property=\"og:title\" content=\"PUBLIKATIONEN - Wohngemeinschaft f\u00fcr jung und alt\" \/>\n<meta property=\"og:url\" content=\"https:\/\/matrusaden.ch\/?page_id=1559\" \/>\n<meta property=\"og:site_name\" content=\"Wohngemeinschaft f\u00fcr jung und alt\" \/>\n<meta property=\"article:modified_time\" content=\"2025-03-18T09:45:08+00:00\" \/>\n<meta name=\"twitter:card\" content=\"summary_large_image\" \/>\n<meta name=\"twitter:label1\" content=\"Gesch\u00e4tzte Lesezeit\" \/>\n\t<meta name=\"twitter:data1\" content=\"2\u00a0Minuten\" \/>\n<script type=\"application\/ld+json\" class=\"yoast-schema-graph\">{\"@context\":\"https:\\\/\\\/schema.org\",\"@graph\":[{\"@type\":\"WebPage\",\"@id\":\"https:\\\/\\\/matrusaden.ch\\\/?page_id=1559\",\"url\":\"https:\\\/\\\/matrusaden.ch\\\/?page_id=1559\",\"name\":\"PUBLIKATIONEN - Wohngemeinschaft f\u00fcr jung und alt\",\"isPartOf\":{\"@id\":\"https:\\\/\\\/matrusaden.ch\\\/#website\"},\"datePublished\":\"2021-12-14T10:44:45+00:00\",\"dateModified\":\"2025-03-18T09:45:08+00:00\",\"breadcrumb\":{\"@id\":\"https:\\\/\\\/matrusaden.ch\\\/?page_id=1559#breadcrumb\"},\"inLanguage\":\"de-CH\",\"potentialAction\":[{\"@type\":\"ReadAction\",\"target\":[\"https:\\\/\\\/matrusaden.ch\\\/?page_id=1559\"]}]},{\"@type\":\"BreadcrumbList\",\"@id\":\"https:\\\/\\\/matrusaden.ch\\\/?page_id=1559#breadcrumb\",\"itemListElement\":[{\"@type\":\"ListItem\",\"position\":1,\"name\":\"Home\",\"item\":\"https:\\\/\\\/matrusaden.ch\\\/\"},{\"@type\":\"ListItem\",\"position\":2,\"name\":\"PUBLIKATIONEN\"}]},{\"@type\":\"WebSite\",\"@id\":\"https:\\\/\\\/matrusaden.ch\\\/#website\",\"url\":\"https:\\\/\\\/matrusaden.ch\\\/\",\"name\":\"Wohngemeinschaft f\u00fcr jung und alt\",\"description\":\"Matrusaden und Bapusaden\",\"potentialAction\":[{\"@type\":\"SearchAction\",\"target\":{\"@type\":\"EntryPoint\",\"urlTemplate\":\"https:\\\/\\\/matrusaden.ch\\\/?s={search_term_string}\"},\"query-input\":{\"@type\":\"PropertyValueSpecification\",\"valueRequired\":true,\"valueName\":\"search_term_string\"}}],\"inLanguage\":\"de-CH\"}]}<\/script>\n<!-- \/ Yoast SEO plugin. -->","yoast_head_json":{"title":"PUBLIKATIONEN - Wohngemeinschaft f\u00fcr jung und alt","robots":{"index":"index","follow":"follow","max-snippet":"max-snippet:-1","max-image-preview":"max-image-preview:large","max-video-preview":"max-video-preview:-1"},"canonical":"https:\/\/matrusaden.ch\/?page_id=1559","og_locale":"de_DE","og_type":"article","og_title":"PUBLIKATIONEN - Wohngemeinschaft f\u00fcr jung und alt","og_url":"https:\/\/matrusaden.ch\/?page_id=1559","og_site_name":"Wohngemeinschaft f\u00fcr jung und alt","article_modified_time":"2025-03-18T09:45:08+00:00","twitter_card":"summary_large_image","twitter_misc":{"Gesch\u00e4tzte Lesezeit":"2\u00a0Minuten"},"schema":{"@context":"https:\/\/schema.org","@graph":[{"@type":"WebPage","@id":"https:\/\/matrusaden.ch\/?page_id=1559","url":"https:\/\/matrusaden.ch\/?page_id=1559","name":"PUBLIKATIONEN - Wohngemeinschaft f\u00fcr jung und alt","isPartOf":{"@id":"https:\/\/matrusaden.ch\/#website"},"datePublished":"2021-12-14T10:44:45+00:00","dateModified":"2025-03-18T09:45:08+00:00","breadcrumb":{"@id":"https:\/\/matrusaden.ch\/?page_id=1559#breadcrumb"},"inLanguage":"de-CH","potentialAction":[{"@type":"ReadAction","target":["https:\/\/matrusaden.ch\/?page_id=1559"]}]},{"@type":"BreadcrumbList","@id":"https:\/\/matrusaden.ch\/?page_id=1559#breadcrumb","itemListElement":[{"@type":"ListItem","position":1,"name":"Home","item":"https:\/\/matrusaden.ch\/"},{"@type":"ListItem","position":2,"name":"PUBLIKATIONEN"}]},{"@type":"WebSite","@id":"https:\/\/matrusaden.ch\/#website","url":"https:\/\/matrusaden.ch\/","name":"Wohngemeinschaft f\u00fcr jung und alt","description":"Matrusaden und Bapusaden","potentialAction":[{"@type":"SearchAction","target":{"@type":"EntryPoint","urlTemplate":"https:\/\/matrusaden.ch\/?s={search_term_string}"},"query-input":{"@type":"PropertyValueSpecification","valueRequired":true,"valueName":"search_term_string"}}],"inLanguage":"de-CH"}]}},"_links":{"self":[{"href":"https:\/\/matrusaden.ch\/index.php?rest_route=\/wp\/v2\/pages\/1559","targetHints":{"allow":["GET"]}}],"collection":[{"href":"https:\/\/matrusaden.ch\/index.php?rest_route=\/wp\/v2\/pages"}],"about":[{"href":"https:\/\/matrusaden.ch\/index.php?rest_route=\/wp\/v2\/types\/page"}],"author":[{"embeddable":true,"href":"https:\/\/matrusaden.ch\/index.php?rest_route=\/wp\/v2\/users\/5"}],"replies":[{"embeddable":true,"href":"https:\/\/matrusaden.ch\/index.php?rest_route=%2Fwp%2Fv2%2Fcomments&post=1559"}],"version-history":[{"count":13,"href":"https:\/\/matrusaden.ch\/index.php?rest_route=\/wp\/v2\/pages\/1559\/revisions"}],"predecessor-version":[{"id":1766,"href":"https:\/\/matrusaden.ch\/index.php?rest_route=\/wp\/v2\/pages\/1559\/revisions\/1766"}],"wp:attachment":[{"href":"https:\/\/matrusaden.ch\/index.php?rest_route=%2Fwp%2Fv2%2Fmedia&parent=1559"}],"curies":[{"name":"wp","href":"https:\/\/api.w.org\/{rel}","templated":true}]}}